{"id":1792,"date":"2013-09-27T12:56:54","date_gmt":"2013-09-27T11:56:54","guid":{"rendered":"http:\/\/duimeland.euretco-online.nl\/?page_id=1792"},"modified":"2025-10-03T20:57:32","modified_gmt":"2025-10-03T20:57:32","slug":"handig-leuk","status":"publish","type":"page","link":"https:\/\/babyspeciaal.nl\/index.php\/collectie\/handig-leuk\/","title":{"rendered":"Handig, Fijn en Leuk"},"content":{"rendered":"<p>Niet alles is altijd \u00e9cht nodig.<\/p>\n<p>Er zijn ook artikelen die het gewoon n\u00e9t even makkelijker en n\u00e9t even leuker maken!\u00a0En zo worden die dingen soms toch onmisbaar. Gewoon\u2026. Omdat het zo fijn is om ze te hebben.<\/p>\n<p>&nbsp;<\/p>\n","protected":false},"excerpt":{"rendered":"<p>Niet alles is altijd \u00e9cht nodig. Er zijn ook artikelen die het gewoon n\u00e9t even makkelijker en n\u00e9t even leuker maken!\u00a0En zo worden die dingen soms toch onmisbaar. Gewoon\u2026. Omdat het zo fijn is om ze te hebben. &nbsp;<\/p>\n","protected":false},"author":1,"featured_media":0,"parent":1636,"menu_order":5,"comment_status":"open","ping_status":"open","template":"","meta":{"_acf_changed":false,"footnotes":""},"class_list":["post-1792","page","type-page","status-publish","hentry"],"acf":[],"_links":{"self":[{"href":"https:\/\/babyspeciaal.nl\/index.php\/wp-json\/wp\/v2\/pages\/1792","targetHints":{"allow":["GET"]}}],"collection":[{"href":"https:\/\/babyspeciaal.nl\/index.php\/wp-json\/wp\/v2\/pages"}],"about":[{"href":"https:\/\/babyspeciaal.nl\/index.php\/wp-json\/wp\/v2\/types\/page"}],"author":[{"embeddable":true,"href":"https:\/\/babyspeciaal.nl\/index.php\/wp-json\/wp\/v2\/users\/1"}],"replies":[{"embeddable":true,"href":"https:\/\/babyspeciaal.nl\/index.php\/wp-json\/wp\/v2\/comments?post=1792"}],"version-history":[{"count":3,"href":"https:\/\/babyspeciaal.nl\/index.php\/wp-json\/wp\/v2\/pages\/1792\/revisions"}],"predecessor-version":[{"id":36415,"href":"https:\/\/babyspeciaal.nl\/index.php\/wp-json\/wp\/v2\/pages\/1792\/revisions\/36415"}],"up":[{"embeddable":true,"href":"https:\/\/babyspeciaal.nl\/index.php\/wp-json\/wp\/v2\/pages\/1636"}],"wp:attachment":[{"href":"https:\/\/babyspeciaal.nl\/index.php\/wp-json\/wp\/v2\/media?parent=1792"}],"curies":[{"name":"wp","href":"https:\/\/api.w.org\/{rel}","templated":true}]}}